{"id":6,"date":"2018-04-16T20:37:48","date_gmt":"2018-04-16T20:37:48","guid":{"rendered":"http:\/\/www.o-g-sus.de\/ilep\/?page_id=6"},"modified":"2020-05-07T11:41:54","modified_gmt":"2020-05-07T11:41:54","slug":"beschreibung","status":"publish","type":"page","link":"https:\/\/www.o-g-sus.de\/ilep\/beschreibung\/","title":{"rendered":"Beschreibung"},"content":{"rendered":"<p><a href=\"https:\/\/itunes.apple.com\/us\/app\/ilep\/id1388225714\" target=\"_blank\" rel=\"noopener noreferrer\"><img loading=\"lazy\" decoding=\"async\" class=\"alignnone wp-image-30 size-thumbnail\" src=\"http:\/\/www.o-g-sus.de\/ilep\/wp-content\/uploads\/2018\/04\/Icon1024-rounded-150x150.png\" alt=\"\" width=\"150\" height=\"150\" srcset=\"https:\/\/www.o-g-sus.de\/ilep\/wp-content\/uploads\/2018\/04\/Icon1024-rounded-150x150.png 150w, https:\/\/www.o-g-sus.de\/ilep\/wp-content\/uploads\/2018\/04\/Icon1024-rounded-300x300.png 300w, https:\/\/www.o-g-sus.de\/ilep\/wp-content\/uploads\/2018\/04\/Icon1024-rounded-768x768.png 768w, https:\/\/www.o-g-sus.de\/ilep\/wp-content\/uploads\/2018\/04\/Icon1024-rounded-624x624.png 624w, https:\/\/www.o-g-sus.de\/ilep\/wp-content\/uploads\/2018\/04\/Icon1024-rounded.png 1024w\" sizes=\"(max-width: 150px) 100vw, 150px\" \/><\/a><a href=\"https:\/\/itunes.apple.com\/us\/app\/ilep\/id1388225714\" target=\"_blank\" rel=\"noopener noreferrer\"><img loading=\"lazy\" decoding=\"async\" class=\"size-medium wp-image-116 alignright\" src=\"http:\/\/www.o-g-sus.de\/ilep\/wp-content\/uploads\/2018\/06\/app-store-logo-300x89.png\" alt=\"\" width=\"300\" height=\"89\" srcset=\"https:\/\/www.o-g-sus.de\/ilep\/wp-content\/uploads\/2018\/06\/app-store-logo-300x89.png 300w, https:\/\/www.o-g-sus.de\/ilep\/wp-content\/uploads\/2018\/06\/app-store-logo-768x227.png 768w, https:\/\/www.o-g-sus.de\/ilep\/wp-content\/uploads\/2018\/06\/app-store-logo-624x185.png 624w, https:\/\/www.o-g-sus.de\/ilep\/wp-content\/uploads\/2018\/06\/app-store-logo.png 888w\" sizes=\"(max-width: 300px) 100vw, 300px\" \/><\/a><\/p>\n<p>Das iLEP (Live Electronic Patch) ist das Ergebnis einer langj\u00e4hrigen Zusammenarbeit zwischen Komponisten und Software-Ingenieuren mit dem Ziel, ein live-elektronisches Instrument zu schaffen, das seine st\u00e4rkste musikalische Performance in Verbindung mit einem akustischen Musikinstrument zeigt und vor allem f\u00fcr den Einsatz im Konzert geeignet ist.<\/p>\n<p>Die erste Version von LEP wurde in Max-MSP von Wolfgang Heiniger und <a href=\"http:\/\/www.kessler-thomas.com\/\" target=\"_blank\" rel=\"noopener noreferrer\">Thomas Kessler<\/a> entwickelt und sp\u00e4ter durch Thomas Seelig weiterentwickelt. <a href=\"http:\/\/mspcafe.g2312.de\/impressum\/\" target=\"_blank\" rel=\"noopener noreferrer\">Thomas Seelig<\/a> gestaltete die\u00a0urspr\u00fcngliche Version um und portierte sie\u00a0f\u00fcr das Betriebssystem iOS, um die App auf dem iPad lauff\u00e4hig und somit einer breiten Anwenderschicht zug\u00e4nglich zu machen.\u00a0<a href=\"http:\/\/www.o-g-sus.de\" target=\"_blank\" rel=\"noopener noreferrer\">Oliver Greschke<\/a> kam zu einem sp\u00e4teren Zeitpunkt hinzu, um bei der Vollendung der App zu helfen.<\/p>\n<h1><span style=\"color: #3b9c3c;\">Screenshots<\/span><\/h1>\n<div id=\"attachment_113\" style=\"width: 635px\" class=\"wp-caption alignnone\"><img loading=\"lazy\" decoding=\"async\" aria-describedby=\"caption-attachment-113\" class=\"wp-image-113 size-large\" src=\"http:\/\/www.o-g-sus.de\/ilep\/wp-content\/uploads\/2018\/06\/IMG_0528-1024x768.png\" alt=\"\" width=\"625\" height=\"469\" srcset=\"https:\/\/www.o-g-sus.de\/ilep\/wp-content\/uploads\/2018\/06\/IMG_0528-1024x768.png 1024w, https:\/\/www.o-g-sus.de\/ilep\/wp-content\/uploads\/2018\/06\/IMG_0528-300x225.png 300w, https:\/\/www.o-g-sus.de\/ilep\/wp-content\/uploads\/2018\/06\/IMG_0528-768x576.png 768w, https:\/\/www.o-g-sus.de\/ilep\/wp-content\/uploads\/2018\/06\/IMG_0528-624x468.png 624w, https:\/\/www.o-g-sus.de\/ilep\/wp-content\/uploads\/2018\/06\/IMG_0528.png 2048w\" sizes=\"(max-width: 625px) 100vw, 625px\" \/><p id=\"caption-attachment-113\" class=\"wp-caption-text\">Stage Screen &#8211; Schneller Cue und Modulations Zugriff<\/p><\/div>\n<div id=\"attachment_110\" style=\"width: 635px\" class=\"wp-caption alignnone\"><img loading=\"lazy\" decoding=\"async\" aria-describedby=\"caption-attachment-110\" class=\"wp-image-110 size-large\" src=\"http:\/\/www.o-g-sus.de\/ilep\/wp-content\/uploads\/2018\/06\/IMG_0529-1024x768.png\" alt=\"\" width=\"625\" height=\"469\" srcset=\"https:\/\/www.o-g-sus.de\/ilep\/wp-content\/uploads\/2018\/06\/IMG_0529-1024x768.png 1024w, https:\/\/www.o-g-sus.de\/ilep\/wp-content\/uploads\/2018\/06\/IMG_0529-300x225.png 300w, https:\/\/www.o-g-sus.de\/ilep\/wp-content\/uploads\/2018\/06\/IMG_0529-768x576.png 768w, https:\/\/www.o-g-sus.de\/ilep\/wp-content\/uploads\/2018\/06\/IMG_0529-624x468.png 624w, https:\/\/www.o-g-sus.de\/ilep\/wp-content\/uploads\/2018\/06\/IMG_0529.png 2048w\" sizes=\"(max-width: 625px) 100vw, 625px\" \/><p id=\"caption-attachment-110\" class=\"wp-caption-text\">Patch Screen &#8211; Modulares Steckfeld<\/p><\/div>\n<div id=\"attachment_114\" style=\"width: 635px\" class=\"wp-caption alignnone\"><img loading=\"lazy\" decoding=\"async\" aria-describedby=\"caption-attachment-114\" class=\"wp-image-114 size-large\" src=\"http:\/\/www.o-g-sus.de\/ilep\/wp-content\/uploads\/2018\/06\/IMG_0533-1024x768.png\" alt=\"\" width=\"625\" height=\"469\" srcset=\"https:\/\/www.o-g-sus.de\/ilep\/wp-content\/uploads\/2018\/06\/IMG_0533-1024x768.png 1024w, https:\/\/www.o-g-sus.de\/ilep\/wp-content\/uploads\/2018\/06\/IMG_0533-300x225.png 300w, https:\/\/www.o-g-sus.de\/ilep\/wp-content\/uploads\/2018\/06\/IMG_0533-768x576.png 768w, https:\/\/www.o-g-sus.de\/ilep\/wp-content\/uploads\/2018\/06\/IMG_0533-624x468.png 624w, https:\/\/www.o-g-sus.de\/ilep\/wp-content\/uploads\/2018\/06\/IMG_0533.png 2048w\" sizes=\"(max-width: 625px) 100vw, 625px\" \/><p id=\"caption-attachment-114\" class=\"wp-caption-text\">Parameter Screen &#8211; \u00dcbersicht und Zuordnung der Effekt Parameter<\/p><\/div>\n<div id=\"attachment_112\" style=\"width: 635px\" class=\"wp-caption alignnone\"><img loading=\"lazy\" decoding=\"async\" aria-describedby=\"caption-attachment-112\" class=\"wp-image-112 size-large\" src=\"http:\/\/www.o-g-sus.de\/ilep\/wp-content\/uploads\/2018\/06\/IMG_0531-1024x768.png\" alt=\"\" width=\"625\" height=\"469\" srcset=\"https:\/\/www.o-g-sus.de\/ilep\/wp-content\/uploads\/2018\/06\/IMG_0531-1024x768.png 1024w, https:\/\/www.o-g-sus.de\/ilep\/wp-content\/uploads\/2018\/06\/IMG_0531-300x225.png 300w, https:\/\/www.o-g-sus.de\/ilep\/wp-content\/uploads\/2018\/06\/IMG_0531-768x576.png 768w, https:\/\/www.o-g-sus.de\/ilep\/wp-content\/uploads\/2018\/06\/IMG_0531-624x468.png 624w, https:\/\/www.o-g-sus.de\/ilep\/wp-content\/uploads\/2018\/06\/IMG_0531.png 2048w\" sizes=\"(max-width: 625px) 100vw, 625px\" \/><p id=\"caption-attachment-112\" class=\"wp-caption-text\">Modulations Screen &#8211; Zuordnung der Modulations Parameter<\/p><\/div>\n<div id=\"attachment_111\" style=\"width: 635px\" class=\"wp-caption alignnone\"><img loading=\"lazy\" decoding=\"async\" aria-describedby=\"caption-attachment-111\" class=\"wp-image-111 size-large\" src=\"http:\/\/www.o-g-sus.de\/ilep\/wp-content\/uploads\/2018\/06\/IMG_0532-1024x768.png\" alt=\"\" width=\"625\" height=\"469\" srcset=\"https:\/\/www.o-g-sus.de\/ilep\/wp-content\/uploads\/2018\/06\/IMG_0532-1024x768.png 1024w, https:\/\/www.o-g-sus.de\/ilep\/wp-content\/uploads\/2018\/06\/IMG_0532-300x225.png 300w, https:\/\/www.o-g-sus.de\/ilep\/wp-content\/uploads\/2018\/06\/IMG_0532-768x576.png 768w, https:\/\/www.o-g-sus.de\/ilep\/wp-content\/uploads\/2018\/06\/IMG_0532-624x468.png 624w, https:\/\/www.o-g-sus.de\/ilep\/wp-content\/uploads\/2018\/06\/IMG_0532.png 2048w\" sizes=\"(max-width: 625px) 100vw, 625px\" \/><p id=\"caption-attachment-111\" class=\"wp-caption-text\">Sets Screen &#8211; Speicher Verwaltung der Sets, bestehend aus Cues und Samples<\/p><\/div>\n<h1><span style=\"color: #3b9c3c;\">Features<\/span><\/h1>\n<ul>\n<li>Modulare Effekt App mit diversen Routing- und Modulations-M\u00f6glichkeiten<\/li>\n<li>6 verschiedenen Effekte: 2x Ringmodulator, 2xFilter (Low, High, Band), 2x Pitchshifter, 2 Delay, Degrade, Reverb, die grafisch und durch direkte Parameter Eingabe genauestens bedient werden k\u00f6nnen<\/li>\n<li>16*16 Steck-M\u00f6glichkeiten (Patch-Feld) mit dessen Hilfe Audio unterschiedlich durch Effekte geroutet werden kann, wie in einem modularen System<\/li>\n<li>M\u00f6gliche Klangquellen: Mikrofon\/Line In, Sampler und PitchTracker, Diverse Test Signale (Sine, Noise, Sample)<\/li>\n<li>Diverse Effekte Parameter k\u00f6nnen verschieden stark (Min &#8230; Max) durch eine Modulations-Quelle (z.B. Midi Express-Pedal) moduliert werden: Hervorragend f\u00fcr Live-Anwendungen!<\/li>\n<li>Ein zus\u00e4tzlicher Effekt Parameter kann \u00fcber Midi-Noten moduliert werden<\/li>\n<li>Speichern, Importieren, Exportieren und Editieren von eigenen Cue-Effekt-Konfigurationen<\/li>\n<li>Verschiedene Cues k\u00f6nnen zu einem Sets zusammengestellt werden<\/li>\n<li>Import und Verwaltung von eigenen Samples und ganzen Sample-Libraries, die einem Set zugeordnet sind<\/li>\n<li>Import von Midi-Dateien zu Modulations-Zwecken<\/li>\n<li>M\u00f6glichkeit mit Hilfe der &#8222;Autocue&#8220;-Funktion verschiedene Cues (Presets) zeitgesteuert automatisch durchlaufen zu lassen<\/li>\n<li>M\u00f6glichkeit Cues (Presets) via Midi Bank und Midi Programme Messages schnell abzurufen<\/li>\n<li>Stereo 3-fach Input-Equalizer (High Shelf, Peak Notch, Low Shelf) , um Input Signale anzupassen<\/li>\n<li>Master-Limiter am Ende der Signal-Kette<\/li>\n<li>Audiobus und IAA f\u00e4hig (Effekt-Node)<\/li>\n<\/ul>\n<h1><span style=\"color: #3b9c3c;\">Manual<\/span><\/h1>\n<p><a href=\"http:\/\/www.o-g-sus.de\/ilep\/wp-content\/uploads\/2018\/05\/Tutorial-de.pdf\" target=\"_blank\" rel=\"noopener noreferrer\">Tutorial-Deutsch<\/a><\/p>\n<h1><span style=\"color: #3b9c3c;\">Besprechungen<\/span><\/h1>\n<ul>\n<li><a href=\"https:\/\/www.gearnews.de\/ilep-modulare-ios-effekte-fuer-musiker\/\" target=\"_blank\" rel=\"noopener noreferrer\">gearnews.de<\/a><\/li>\n<li><a href=\"http:\/\/cdm.link\/newswires\/ilep-offers-a-unique-set-of-fx-capabilities-for-performance-and-experimentation\/\" target=\"_blank\" rel=\"noopener noreferrer\">cdm.link<\/a><\/li>\n<li><a href=\"https:\/\/audionewsroom.net\/2018\/06\/ilep-a-modular-effect-app-with-real-musicians-in-mind.html\" target=\"_blank\" rel=\"noopener noreferrer\">audionewsroom.net<\/a><\/li>\n<li><a href=\"http:\/\/www.synthtopia.com\/content\/2018\/06\/05\/ilep-modular-effects-app-for-live-performance-sneak-preview\/\" target=\"_blank\" rel=\"noopener noreferrer\">synthtopia.com<\/a><\/li>\n<li><a href=\"http:\/\/www.synthanatomy.com\/2018\/07\/ilep-is-a-modular-effect-processor-app-that-invites-musicians-to-experiment-with-sounds.html\" target=\"_blank\" rel=\"noopener noreferrer\">synthanatomy.com<\/a><\/li>\n<li><a href=\"https:\/\/sonicstate.com\/news\/2018\/07\/06\/ilep-ios-modular-fx-for-live-electronic-music\/\" target=\"_blank\" rel=\"noopener noreferrer\">sonicstate.com<\/a><\/li>\n<\/ul>\n<h1><span style=\"color: #3b9c3c;\">LEP Desktop-Version<\/span><\/h1>\n<div id=\"attachment_96\" style=\"width: 635px\" class=\"wp-caption alignnone\"><a href=\"http:\/\/www.o-g-sus.de\/ilep\/wp-content\/uploads\/2019\/11\/LEP-Desktop.zip\"><img loading=\"lazy\" decoding=\"async\" aria-describedby=\"caption-attachment-96\" class=\"wp-image-96 size-large\" src=\"http:\/\/www.o-g-sus.de\/ilep\/wp-content\/uploads\/2018\/06\/Bildschirmfoto-2018-06-01-um-19.27.51-1024x763.png\" alt=\"\" width=\"625\" height=\"466\" srcset=\"https:\/\/www.o-g-sus.de\/ilep\/wp-content\/uploads\/2018\/06\/Bildschirmfoto-2018-06-01-um-19.27.51-1024x763.png 1024w, https:\/\/www.o-g-sus.de\/ilep\/wp-content\/uploads\/2018\/06\/Bildschirmfoto-2018-06-01-um-19.27.51-300x223.png 300w, https:\/\/www.o-g-sus.de\/ilep\/wp-content\/uploads\/2018\/06\/Bildschirmfoto-2018-06-01-um-19.27.51-768x572.png 768w, https:\/\/www.o-g-sus.de\/ilep\/wp-content\/uploads\/2018\/06\/Bildschirmfoto-2018-06-01-um-19.27.51-624x465.png 624w, https:\/\/www.o-g-sus.de\/ilep\/wp-content\/uploads\/2018\/06\/Bildschirmfoto-2018-06-01-um-19.27.51.png 1826w\" sizes=\"(max-width: 625px) 100vw, 625px\" \/><\/a><p id=\"caption-attachment-96\" class=\"wp-caption-text\">Screenshot der LEP Desktop Version &#8211; Besitzer der iLep iPad Version bekommen auf Anfrage die Desktop Version<\/p><\/div>\n<h1><span style=\"color: #3b9c3c;\">Anwendungen LEP (Desktop-Version)<br \/>\n<\/span><\/h1>\n<h1><img loading=\"lazy\" decoding=\"async\" class=\"alignnone size-medium wp-image-26\" src=\"http:\/\/www.o-g-sus.de\/ilep\/wp-content\/uploads\/2018\/04\/utopia2_1-300x200.png\" alt=\"\" width=\"300\" height=\"200\" srcset=\"https:\/\/www.o-g-sus.de\/ilep\/wp-content\/uploads\/2018\/04\/utopia2_1-300x200.png 300w, https:\/\/www.o-g-sus.de\/ilep\/wp-content\/uploads\/2018\/04\/utopia2_1.png 420w\" sizes=\"(max-width: 300px) 100vw, 300px\" \/> <img loading=\"lazy\" decoding=\"async\" class=\"alignnone size-medium wp-image-64\" src=\"http:\/\/www.o-g-sus.de\/ilep\/wp-content\/uploads\/2018\/04\/stacks_image_996-300x200.png\" alt=\"\" width=\"300\" height=\"200\" srcset=\"https:\/\/www.o-g-sus.de\/ilep\/wp-content\/uploads\/2018\/04\/stacks_image_996-300x200.png 300w, https:\/\/www.o-g-sus.de\/ilep\/wp-content\/uploads\/2018\/04\/stacks_image_996.png 392w\" sizes=\"(max-width: 300px) 100vw, 300px\" \/><\/h1>\n<p><a href=\"http:\/\/mspcafe.g2312.de\/projects\/utopia\/\" target=\"_blank\" rel=\"noopener noreferrer\">In Utopia verwendetes LEP Patch<\/a><\/p>\n<h1><span style=\"color: #3b9c3c;\">Betatest<\/span><\/h1>\n<p>Bei Interesse am Beta Test der App mit zu helfen, bitte eine Email an uns schicken<\/p>\n<h1><span style=\"color: #3b9c3c;\">Contact<\/span><\/h1>\n<p>ilep \u00e4t o-g-sus dot de<\/p>\n","protected":false},"excerpt":{"rendered":"<p>Das iLEP (Live Electronic Patch) ist das Ergebnis einer langj\u00e4hrigen Zusammenarbeit zwischen Komponisten und Software-Ingenieuren mit dem Ziel, ein live-elektronisches Instrument zu schaffen, das seine st\u00e4rkste musikalische Performance in Verbindung mit einem akustischen Musikinstrument zeigt und vor allem f\u00fcr den Einsatz im Konzert geeignet ist. Die erste Version von LEP wurde in Max-MSP von Wolfgang [&hellip;]<\/p>\n","protected":false},"author":1,"featured_media":0,"parent":0,"menu_order":0,"comment_status":"closed","ping_status":"closed","template":"page-templates\/full-width.php","meta":{"footnotes":""},"class_list":["post-6","page","type-page","status-publish","hentry"],"_links":{"self":[{"href":"https:\/\/www.o-g-sus.de\/ilep\/wp-json\/wp\/v2\/pages\/6"}],"collection":[{"href":"https:\/\/www.o-g-sus.de\/ilep\/wp-json\/wp\/v2\/pages"}],"about":[{"href":"https:\/\/www.o-g-sus.de\/ilep\/wp-json\/wp\/v2\/types\/page"}],"author":[{"embeddable":true,"href":"https:\/\/www.o-g-sus.de\/ilep\/wp-json\/wp\/v2\/users\/1"}],"replies":[{"embeddable":true,"href":"https:\/\/www.o-g-sus.de\/ilep\/wp-json\/wp\/v2\/comments?post=6"}],"version-history":[{"count":59,"href":"https:\/\/www.o-g-sus.de\/ilep\/wp-json\/wp\/v2\/pages\/6\/revisions"}],"predecessor-version":[{"id":204,"href":"https:\/\/www.o-g-sus.de\/ilep\/wp-json\/wp\/v2\/pages\/6\/revisions\/204"}],"wp:attachment":[{"href":"https:\/\/www.o-g-sus.de\/ilep\/wp-json\/wp\/v2\/media?parent=6"}],"curies":[{"name":"wp","href":"https:\/\/api.w.org\/{rel}","templated":true}]}}